{"id":1739,"date":"2022-05-24T05:28:12","date_gmt":"2022-05-24T08:28:12","guid":{"rendered":"http:\/\/chaletdukite.com.br\/kitesurfing\/"},"modified":"2023-01-04T14:10:02","modified_gmt":"2023-01-04T17:10:02","slug":"kitesurfing","status":"publish","type":"page","link":"https:\/\/chaletdukite.com.br\/en\/kitesurfing\/","title":{"rendered":"Kitesurfing"},"content":{"rendered":"\t\t<div data-elementor-type=\"wp-page\" data-elementor-id=\"1739\" class=\"elementor elementor-1739 elementor-1440\" data-elementor-post-type=\"page\">\n\t\t\t\t\t\t<section class=\"elementor-section elementor-top-section elementor-element elementor-element-844a7ca elementor-section-full_width elementor-section-height-min-height elementor-section-height-default elementor-section-items-middle\" data-id=\"844a7ca\" data-element_type=\"section\" data-settings=\"{&quot;background_background&quot;:&quot;classic&quot;}\">\n\t\t\t\t\t\t<div class=\"elementor-container elementor-column-gap-default\">\n\t\t\t\t\t<div class=\"elementor-column elementor-col-100 elementor-top-column elementor-element elementor-element-c421497\" data-id=\"c421497\" data-element_type=\"column\">\n\t\t\t<div class=\"elementor-widget-wrap\">\n\t\t\t\t\t\t\t<\/div>\n\t\t<\/div>\n\t\t\t\t\t<\/div>\n\t\t<\/section>\n\t\t\t\t<section class=\"elementor-section elementor-top-section elementor-element elementor-element-3b1c20d elementor-section-boxed elementor-section-height-default elementor-section-height-default\" data-id=\"3b1c20d\" data-element_type=\"section\">\n\t\t\t\t\t\t<div class=\"elementor-container elementor-column-gap-default\">\n\t\t\t\t\t<div class=\"elementor-column elementor-col-100 elementor-top-column elementor-element elementor-element-f22c90c\" data-id=\"f22c90c\" data-element_type=\"column\">\n\t\t\t<div class=\"elementor-widget-wrap elementor-element-populated\">\n\t\t\t\t\t\t<div class=\"elementor-element elementor-element-f442d04 elementor-widget__width-initial elementor-widget-divider--view-line elementor-widget elementor-widget-divider\" data-id=\"f442d04\" data-element_type=\"widget\" data-widget_type=\"divider.default\">\n\t\t\t\t<div class=\"elementor-widget-container\">\n\t\t\t\t\t\t\t<div class=\"elementor-divider\">\n\t\t\t<span class=\"elementor-divider-separator\">\n\t\t\t\t\t\t<\/span>\n\t\t<\/div>\n\t\t\t\t\t\t<\/div>\n\t\t\t\t<\/div>\n\t\t\t\t<div class=\"elementor-element elementor-element-a58cd19 elementor-widget elementor-widget-heading\" data-id=\"a58cd19\" data-element_type=\"widget\" data-widget_type=\"heading.default\">\n\t\t\t\t<div class=\"elementor-widget-container\">\n\t\t\t\t\t<h1 class=\"elementor-heading-title elementor-size-default\">Kitesurfing in Pre\u00e1<\/h1>\t\t\t\t<\/div>\n\t\t\t\t<\/div>\n\t\t\t\t<div class=\"elementor-element elementor-element-dcb99b2 elementor-widget elementor-widget-google_maps\" data-id=\"dcb99b2\" data-element_type=\"widget\" data-widget_type=\"google_maps.default\">\n\t\t\t\t<div class=\"elementor-widget-container\">\n\t\t\t\t\t\t\t<div class=\"elementor-custom-embed\">\n\t\t\t<iframe loading=\"lazy\"\n\t\t\t\t\tsrc=\"https:\/\/maps.google.com\/maps?q=Praia%20do%20Prea&#038;t=m&#038;z=12&#038;output=embed&#038;iwloc=near\"\n\t\t\t\t\ttitle=\"Praia do Prea\"\n\t\t\t\t\taria-label=\"Praia do Prea\"\n\t\t\t><\/iframe>\n\t\t<\/div>\n\t\t\t\t\t\t<\/div>\n\t\t\t\t<\/div>\n\t\t\t\t<div class=\"elementor-element elementor-element-6ac2bb9 elementor-widget elementor-widget-heading\" data-id=\"6ac2bb9\" data-element_type=\"widget\" data-widget_type=\"heading.default\">\n\t\t\t\t<div class=\"elementor-widget-container\">\n\t\t\t\t\t<h2 class=\"elementor-heading-title elementor-size-default\">Come kitesurf in Pre\u00e1<\/h2>\t\t\t\t<\/div>\n\t\t\t\t<\/div>\n\t\t\t\t<div class=\"elementor-element elementor-element-3c17c6e elementor-widget elementor-widget-text-editor\" data-id=\"3c17c6e\" data-element_type=\"widget\" data-widget_type=\"text-editor.default\">\n\t\t\t\t<div class=\"elementor-widget-container\">\n\t\t\t\t\t\t\t\t\t<p>Praia do Pre\u00e1 is the perfect place for kitesurfing, with the side-onshore wind, that is, perfect for downwind lovers.<\/p>\n<p>From July to January is the wind season, ranging from 20 to 35 knots.<\/p>\n<p>The mecca of kitesurfing<span style=\"color: var( --e-global-color-text );\">is also a place for beginners, with people from all over the world, and teachers who teach in Spanish, French,<\/span><span style=\"color: var( --e-global-color-text );\">English,<\/span><span style=\"color: var( --e-global-color-text );\">German, and Italian.<\/span><\/p>\n<p>Chalet du Kite is the home of the kitesurfer who wants to work in the<span style=\"color: #404040; font-family: Roboto, -apple-system, 'system-ui', 'Segoe UI', 'Helvetica Neue', Arial, sans-serif, 'Apple Color Emoji', 'Segoe UI Emoji', 'Segoe UI Symbol';\">morning<\/span><span style=\"color: var( --e-global-color-text );\"> with conference calls and in the afternoon go sailing. We are 100 meters from the beach<\/span>.<\/p>\n<p>For beginners or experts, count on us for<span style=\"color: var( --e-global-color-text );\">indications of kite schools or<\/span><span style=\"color: var( --e-global-color-text );\">agencies that work downwind.<\/span><\/p>\n<p>We are 10 minutes walk from the main restaurants\/ inns on the beach: Vila Pre\u00e1, Rancho do Peixe, Rancho do Kite, and Ventana.<\/p>\n\t\t\t\t\t\t\t\t<\/div>\n\t\t\t\t<\/div>\n\t\t\t\t<div class=\"elementor-element elementor-element-d60cd17 elementor-widget elementor-widget-button\" data-id=\"d60cd17\" data-element_type=\"widget\" data-widget_type=\"button.default\">\n\t\t\t\t<div class=\"elementor-widget-container\">\n\t\t\t\t\t\t\t\t\t<div class=\"elementor-button-wrapper\">\n\t\t\t\t\t<a class=\"elementor-button elementor-button-link elementor-size-sm\" href=\"https:\/\/chaletdukite.com.br\/en\/\">\n\t\t\t\t\t\t<span class=\"elementor-button-content-wrapper\">\n\t\t\t\t\t\t\t\t\t<span class=\"elementor-button-text\">Get to know our accommodations<\/span>\n\t\t\t\t\t<\/span>\n\t\t\t\t\t<\/a>\n\t\t\t\t<\/div>\n\t\t\t\t\t\t\t\t<\/div>\n\t\t\t\t<\/div>\n\t\t\t\t<div class=\"elementor-element elementor-element-99564c4 elementor-widget elementor-widget-spacer\" data-id=\"99564c4\" data-element_type=\"widget\" data-widget_type=\"spacer.default\">\n\t\t\t\t<div class=\"elementor-widget-container\">\n\t\t\t\t\t\t\t<div class=\"elementor-spacer\">\n\t\t\t<div class=\"elementor-spacer-inner\"><\/div>\n\t\t<\/div>\n\t\t\t\t\t\t<\/div>\n\t\t\t\t<\/div>\n\t\t\t\t\t<\/div>\n\t\t<\/div>\n\t\t\t\t\t<\/div>\n\t\t<\/section>\n\t\t\t\t<\/div>\n\t\t","protected":false},"excerpt":{"rendered":"<p>Kitesurfing in Pre\u00e1 Come kitesurf in Pre\u00e1 Praia do Pre\u00e1 is the perfect place for kitesurfing, with the side-onshore wind, that is, perfect for downwind lovers. From July to January is the wind season, ranging from 20 to 35 knots. The mecca of kitesurfingis also a place for beginners, with people from all over the [&hellip;]<\/p>\n","protected":false},"author":2,"featured_media":0,"parent":0,"menu_order":0,"comment_status":"closed","ping_status":"closed","template":"","meta":{"_seopress_robots_primary_cat":"","_seopress_titles_title":"%%post_title%% %%sep%% %%sitetitle%%","_seopress_titles_desc":"Praia do Pre\u00e1 is the perfect place for kitesurfing, with the side-onshore wind, that is, perfect for downwind lovers.","_seopress_robots_index":"","footnotes":""},"class_list":["post-1739","page","type-page","status-publish","hentry"],"_links":{"self":[{"href":"https:\/\/chaletdukite.com.br\/en\/wp-json\/wp\/v2\/pages\/1739","targetHints":{"allow":["GET"]}}],"collection":[{"href":"https:\/\/chaletdukite.com.br\/en\/wp-json\/wp\/v2\/pages"}],"about":[{"href":"https:\/\/chaletdukite.com.br\/en\/wp-json\/wp\/v2\/types\/page"}],"author":[{"embeddable":true,"href":"https:\/\/chaletdukite.com.br\/en\/wp-json\/wp\/v2\/users\/2"}],"replies":[{"embeddable":true,"href":"https:\/\/chaletdukite.com.br\/en\/wp-json\/wp\/v2\/comments?post=1739"}],"version-history":[{"count":2,"href":"https:\/\/chaletdukite.com.br\/en\/wp-json\/wp\/v2\/pages\/1739\/revisions"}],"predecessor-version":[{"id":1872,"href":"https:\/\/chaletdukite.com.br\/en\/wp-json\/wp\/v2\/pages\/1739\/revisions\/1872"}],"wp:attachment":[{"href":"https:\/\/chaletdukite.com.br\/en\/wp-json\/wp\/v2\/media?parent=1739"}],"curies":[{"name":"wp","href":"https:\/\/api.w.org\/{rel}","templated":true}]}}