{"id":1715,"date":"2021-07-20T15:42:03","date_gmt":"2021-07-20T18:42:03","guid":{"rendered":"http:\/\/chaletdukite.com.br\/a-propos-de-nous\/"},"modified":"2024-05-19T10:32:15","modified_gmt":"2024-05-19T13:32:15","slug":"a-propos","status":"publish","type":"page","link":"https:\/\/chaletdukite.com.br\/fr\/a-propos\/","title":{"rendered":"A propos"},"content":{"rendered":"\t\t<div data-elementor-type=\"wp-page\" data-elementor-id=\"1715\" class=\"elementor elementor-1715 elementor-22\" data-elementor-post-type=\"page\">\n\t\t\t\t\t\t<section class=\"elementor-section elementor-top-section elementor-element elementor-element-08fb6f7 elementor-section-full_width elementor-section-height-default elementor-section-height-default\" data-id=\"08fb6f7\" data-element_type=\"section\">\n\t\t\t\t\t\t<div class=\"elementor-container elementor-column-gap-default\">\n\t\t\t\t\t<div class=\"elementor-column elementor-col-100 elementor-top-column elementor-element elementor-element-39b812d\" data-id=\"39b812d\" data-element_type=\"column\">\n\t\t\t<div class=\"elementor-widget-wrap elementor-element-populated\">\n\t\t\t\t\t\t<div class=\"elementor-element elementor-element-621e6ca elementor-widget elementor-widget-image-carousel\" data-id=\"621e6ca\" data-element_type=\"widget\" data-settings=\"{&quot;slides_to_show&quot;:&quot;1&quot;,&quot;navigation&quot;:&quot;none&quot;,&quot;autoplay&quot;:&quot;yes&quot;,&quot;pause_on_hover&quot;:&quot;yes&quot;,&quot;pause_on_interaction&quot;:&quot;yes&quot;,&quot;autoplay_speed&quot;:5000,&quot;infinite&quot;:&quot;yes&quot;,&quot;effect&quot;:&quot;slide&quot;,&quot;speed&quot;:500}\" data-widget_type=\"image-carousel.default\">\n\t\t\t\t<div class=\"elementor-widget-container\">\n\t\t\t\t\t\t\t<div class=\"elementor-image-carousel-wrapper swiper\" role=\"region\" aria-roledescription=\"carousel\" aria-label=\"Carrousel d\u2019images\" dir=\"ltr\">\n\t\t\t<div class=\"elementor-image-carousel swiper-wrapper swiper-image-stretch\" aria-live=\"off\">\n\t\t\t\t\t\t\t\t<div class=\"swiper-slide\" role=\"group\" aria-roledescription=\"slide\" aria-label=\"1 sur 1\"><figure class=\"swiper-slide-inner\"><img decoding=\"async\" class=\"swiper-slide-image\" src=\"https:\/\/chaletdukite.com.br\/wp-content\/uploads\/2021\/07\/sobre-nos.jpg\" alt=\"sobre-nos\" \/><\/figure><\/div>\t\t\t<\/div>\n\t\t\t\t\t<\/div>\n\t\t\t\t\t\t<\/div>\n\t\t\t\t<\/div>\n\t\t\t\t\t<\/div>\n\t\t<\/div>\n\t\t\t\t\t<\/div>\n\t\t<\/section>\n\t\t\t\t<section class=\"elementor-section elementor-top-section elementor-element elementor-element-32e4b7a elementor-section-boxed elementor-section-height-default elementor-section-height-default\" data-id=\"32e4b7a\" data-element_type=\"section\">\n\t\t\t\t\t\t<div class=\"elementor-container elementor-column-gap-default\">\n\t\t\t\t\t<div class=\"elementor-column elementor-col-50 elementor-top-column elementor-element elementor-element-3f4713f\" data-id=\"3f4713f\" data-element_type=\"column\">\n\t\t\t<div class=\"elementor-widget-wrap elementor-element-populated\">\n\t\t\t\t\t\t<div class=\"elementor-element elementor-element-933ae66 elementor-hidden-phone elementor-widget elementor-widget-image\" data-id=\"933ae66\" data-element_type=\"widget\" data-widget_type=\"image.default\">\n\t\t\t\t<div class=\"elementor-widget-container\">\n\t\t\t\t\t\t\t\t\t\t\t\t\t\t\t<img decoding=\"async\" src=\"https:\/\/chaletdukite.com.br\/wp-content\/uploads\/2021\/07\/chalet-du-kite-sobre-nos.jpg\" title=\"chalet-du-kite-sobre-nos\" alt=\"chalet-du-kite-sobre-nos\" loading=\"lazy\" \/>\t\t\t\t\t\t\t\t\t\t\t\t\t\t\t<\/div>\n\t\t\t\t<\/div>\n\t\t\t\t\t<\/div>\n\t\t<\/div>\n\t\t\t\t<div class=\"elementor-column elementor-col-50 elementor-top-column elementor-element elementor-element-21b9445\" data-id=\"21b9445\" data-element_type=\"column\">\n\t\t\t<div class=\"elementor-widget-wrap elementor-element-populated\">\n\t\t\t\t\t\t<div class=\"elementor-element elementor-element-2d3b1c6 elementor-widget elementor-widget-text-editor\" data-id=\"2d3b1c6\" data-element_type=\"widget\" data-widget_type=\"text-editor.default\">\n\t\t\t\t<div class=\"elementor-widget-container\">\n\t\t\t\t\t\t\t\t\t<h1>Chalet du Kite<\/h1>\n<p>Votre maison au paradis du kitesurf<\/p>\n<p>Voyager, c&rsquo;est passer le temps&#8230; c&rsquo;est arriver&#8230; c&rsquo;est se laisser vivre.<br>Il s&rsquo;agit de se laisser porter par les vents de Pre\u00e1 et de ressentir la force de la nature.<\/p>\n<p>Mais d&rsquo;abord&#8230; venez !<br>Laissez-moi vous raconter une histoire&#8230;<\/p>\n<p>Enlevez vos chaussures et vos v\u00eatements serr\u00e9s et allons dehors sentir la brise et marcher sur le sable&#8230;<\/p>\n<p>Pre\u00e1 est un village de p\u00eacheurs o\u00f9 les traditions r\u00e9v\u00e8lent la v\u00e9ritable essence de ce peuple hospitalier.<\/p>\n<p>Et nous voil\u00e0, juste \u00e0 c\u00f4t\u00e9 de la plage&#8230; Chalet du Kite<\/p>\n<p><b>Pourquoi le kite ?<br><\/b>Parce que nous sommes n\u00e9s d&rsquo;un r\u00eave&#8230;<\/p>\n<p>Parce que le kite est un contact avec la nature dans sa forme la plus primitive.<br>L&rsquo;eau, le vent, le soleil et le sable.<\/p>\n<p>L\u00e0 o\u00f9 tout marche en harmonie<\/p>\n<p>Elle nous permet de nous immerger dans ce qu&rsquo;il y a de plus beau et de plus vrai dans cette vie :<br>se rapprocher de la nature et des gens par le biais d&rsquo;un sport qui nous rassemble.<\/p>\n<p>Nous ne consid\u00e9rons pas nos h\u00f4tes comme des touristes, mais comme des conteurs, et c&rsquo;est ici que commence une histoire.<\/p>\n<p>Mon histoire, parce que chaque \u00eatre humain est unique et nous apporte des exp\u00e9riences et des \u00e9changes qui enrichissent nos journ\u00e9es.<\/p>\n<p>Et votre histoire.<br>Laissez-nous en faire partie !<\/p>\n<p>Bienvenue !<\/p>\n<p>Manu<\/p>\t\t\t\t\t\t\t\t<\/div>\n\t\t\t\t<\/div>\n\t\t\t\t<div class=\"elementor-element elementor-element-6cbc6af elementor-widget elementor-widget-image\" data-id=\"6cbc6af\" data-element_type=\"widget\" data-widget_type=\"image.default\">\n\t\t\t\t<div class=\"elementor-widget-container\">\n\t\t\t\t\t\t\t\t\t\t\t\t\t\t\t<img fetchpriority=\"high\" decoding=\"async\" width=\"634\" height=\"642\" src=\"https:\/\/chaletdukite.com.br\/wp-content\/uploads\/2024\/05\/manuela.png\" class=\"attachment-large size-large wp-image-2222\" alt=\"Manuela\" srcset=\"https:\/\/chaletdukite.com.br\/wp-content\/uploads\/2024\/05\/manuela.png 634w, https:\/\/chaletdukite.com.br\/wp-content\/uploads\/2024\/05\/manuela-296x300.png 296w\" sizes=\"(max-width: 634px) 100vw, 634px\" \/>\t\t\t\t\t\t\t\t\t\t\t\t\t\t\t<\/div>\n\t\t\t\t<\/div>\n\t\t\t\t\t<\/div>\n\t\t<\/div>\n\t\t\t\t\t<\/div>\n\t\t<\/section>\n\t\t\t\t<section class=\"elementor-section elementor-top-section elementor-element elementor-element-944db4e elementor-section-boxed elementor-section-height-default elementor-section-height-default\" data-id=\"944db4e\" data-element_type=\"section\">\n\t\t\t\t\t\t<div class=\"elementor-container elementor-column-gap-default\">\n\t\t\t\t\t<div class=\"elementor-column elementor-col-100 elementor-top-column elementor-element elementor-element-65fd8e9\" data-id=\"65fd8e9\" data-element_type=\"column\">\n\t\t\t<div class=\"elementor-widget-wrap elementor-element-populated\">\n\t\t\t\t\t\t<div class=\"elementor-element elementor-element-2b00ebb elementor-widget elementor-widget-image\" data-id=\"2b00ebb\" data-element_type=\"widget\" data-widget_type=\"image.default\">\n\t\t\t\t<div class=\"elementor-widget-container\">\n\t\t\t\t\t\t\t\t\t\t\t\t\t\t\t<img decoding=\"async\" width=\"1400\" height=\"602\" src=\"https:\/\/chaletdukite.com.br\/wp-content\/uploads\/2021\/07\/fotos-drone-e1626983164122.jpg\" class=\"attachment-full size-full wp-image-1608\" alt=\"\" srcset=\"https:\/\/chaletdukite.com.br\/wp-content\/uploads\/2021\/07\/fotos-drone-e1626983164122.jpg 1400w, https:\/\/chaletdukite.com.br\/wp-content\/uploads\/2021\/07\/fotos-drone-e1626983164122-300x129.jpg 300w, https:\/\/chaletdukite.com.br\/wp-content\/uploads\/2021\/07\/fotos-drone-e1626983164122-1024x440.jpg 1024w, https:\/\/chaletdukite.com.br\/wp-content\/uploads\/2021\/07\/fotos-drone-e1626983164122-768x330.jpg 768w\" sizes=\"(max-width: 1400px) 100vw, 1400px\" \/>\t\t\t\t\t\t\t\t\t\t\t\t\t\t\t<\/div>\n\t\t\t\t<\/div>\n\t\t\t\t\t<\/div>\n\t\t<\/div>\n\t\t\t\t\t<\/div>\n\t\t<\/section>\n\t\t\t\t<section class=\"elementor-section elementor-top-section elementor-element elementor-element-e21fc9a elementor-section-boxed elementor-section-height-default elementor-section-height-default\" data-id=\"e21fc9a\" data-element_type=\"section\">\n\t\t\t\t\t\t<div class=\"elementor-container elementor-column-gap-default\">\n\t\t\t\t\t<div class=\"elementor-column elementor-col-50 elementor-top-column elementor-element elementor-element-e22f185\" data-id=\"e22f185\" data-element_type=\"column\">\n\t\t\t<div class=\"elementor-widget-wrap elementor-element-populated\">\n\t\t\t\t\t\t<div class=\"elementor-element elementor-element-c3a503b elementor-widget__width-initial elementor-absolute elementor-hidden-phone elementor-widget elementor-widget-image\" data-id=\"c3a503b\" data-element_type=\"widget\" data-settings=\"{&quot;_position&quot;:&quot;absolute&quot;}\" data-widget_type=\"image.default\">\n\t\t\t\t<div class=\"elementor-widget-container\">\n\t\t\t\t\t\t\t\t\t\t\t\t\t\t\t<img decoding=\"async\" src=\"https:\/\/chaletdukite.com.br\/wp-content\/uploads\/2021\/07\/plante-5.svg\" class=\"attachment-full size-full wp-image-1610\" alt=\"\" \/>\t\t\t\t\t\t\t\t\t\t\t\t\t\t\t<\/div>\n\t\t\t\t<\/div>\n\t\t\t\t\t<\/div>\n\t\t<\/div>\n\t\t\t\t<div class=\"elementor-column elementor-col-50 elementor-top-column elementor-element elementor-element-4fd1ee9\" data-id=\"4fd1ee9\" data-element_type=\"column\">\n\t\t\t<div class=\"elementor-widget-wrap elementor-element-populated\">\n\t\t\t\t\t\t<div class=\"elementor-element elementor-element-9e1627e elementor-blockquote--skin-quotation elementor-blockquote--align-left elementor-widget elementor-widget-blockquote\" data-id=\"9e1627e\" data-element_type=\"widget\" data-widget_type=\"blockquote.default\">\n\t\t\t\t<div class=\"elementor-widget-container\">\n\t\t\t\t\t\t\t<blockquote class=\"elementor-blockquote\">\n\t\t\t<p class=\"elementor-blockquote__content\">\n\t\t\t\tAvec vue sur la mer, les pieds dans le sable et le ciel comme boussole.\t\t\t<\/p>\n\t\t\t\t\t<\/blockquote>\n\t\t\t\t\t\t<\/div>\n\t\t\t\t<\/div>\n\t\t\t\t<div class=\"elementor-element elementor-element-28ef481 elementor-align-left elementor-mobile-align-justify elementor-widget elementor-widget-button\" data-id=\"28ef481\" data-element_type=\"widget\" data-widget_type=\"button.default\">\n\t\t\t\t<div class=\"elementor-widget-container\">\n\t\t\t\t\t\t\t\t\t<div class=\"elementor-button-wrapper\">\n\t\t\t\t\t<a class=\"elementor-button elementor-button-link elementor-size-sm\" href=\"https:\/\/chaletdukite.com.br\/fr\/reservation\/\">\n\t\t\t\t\t\t<span class=\"elementor-button-content-wrapper\">\n\t\t\t\t\t\t\t\t\t<span class=\"elementor-button-text\">R\u00e9servez maintenant<\/span>\n\t\t\t\t\t<\/span>\n\t\t\t\t\t<\/a>\n\t\t\t\t<\/div>\n\t\t\t\t\t\t\t\t<\/div>\n\t\t\t\t<\/div>\n\t\t\t\t<div class=\"elementor-element elementor-element-75ca911 elementor-widget elementor-widget-spacer\" data-id=\"75ca911\" data-element_type=\"widget\" data-widget_type=\"spacer.default\">\n\t\t\t\t<div class=\"elementor-widget-container\">\n\t\t\t\t\t\t\t<div class=\"elementor-spacer\">\n\t\t\t<div class=\"elementor-spacer-inner\"><\/div>\n\t\t<\/div>\n\t\t\t\t\t\t<\/div>\n\t\t\t\t<\/div>\n\t\t\t\t\t<\/div>\n\t\t<\/div>\n\t\t\t\t\t<\/div>\n\t\t<\/section>\n\t\t\t\t<\/div>\n\t\t","protected":false},"excerpt":{"rendered":"<p>Chalet du Kite Votre maison au paradis du kitesurf Voyager, c&rsquo;est passer le temps&#8230; c&rsquo;est arriver&#8230; c&rsquo;est se laisser vivre.Il s&rsquo;agit de se laisser porter par les vents de Pre\u00e1 et de ressentir la force de la nature. Mais d&rsquo;abord&#8230; venez !Laissez-moi vous raconter une histoire&#8230; Enlevez vos chaussures et vos v\u00eatements serr\u00e9s et allons [&hellip;]<\/p>\n","protected":false},"author":2,"featured_media":0,"parent":0,"menu_order":0,"comment_status":"closed","ping_status":"closed","template":"","meta":{"_seopress_robots_primary_cat":"","_seopress_titles_title":"","_seopress_titles_desc":"","_seopress_robots_index":"","footnotes":""},"class_list":["post-1715","page","type-page","status-publish","hentry"],"_links":{"self":[{"href":"https:\/\/chaletdukite.com.br\/fr\/wp-json\/wp\/v2\/pages\/1715","targetHints":{"allow":["GET"]}}],"collection":[{"href":"https:\/\/chaletdukite.com.br\/fr\/wp-json\/wp\/v2\/pages"}],"about":[{"href":"https:\/\/chaletdukite.com.br\/fr\/wp-json\/wp\/v2\/types\/page"}],"author":[{"embeddable":true,"href":"https:\/\/chaletdukite.com.br\/fr\/wp-json\/wp\/v2\/users\/2"}],"replies":[{"embeddable":true,"href":"https:\/\/chaletdukite.com.br\/fr\/wp-json\/wp\/v2\/comments?post=1715"}],"version-history":[{"count":5,"href":"https:\/\/chaletdukite.com.br\/fr\/wp-json\/wp\/v2\/pages\/1715\/revisions"}],"predecessor-version":[{"id":2234,"href":"https:\/\/chaletdukite.com.br\/fr\/wp-json\/wp\/v2\/pages\/1715\/revisions\/2234"}],"wp:attachment":[{"href":"https:\/\/chaletdukite.com.br\/fr\/wp-json\/wp\/v2\/media?parent=1715"}],"curies":[{"name":"wp","href":"https:\/\/api.w.org\/{rel}","templated":true}]}}