{"id":1728,"date":"2022-05-24T05:19:53","date_gmt":"2022-05-24T08:19:53","guid":{"rendered":"http:\/\/chaletdukite.com.br\/plage-de-prea\/"},"modified":"2023-08-31T18:33:35","modified_gmt":"2023-08-31T21:33:35","slug":"plage-de-prea","status":"publish","type":"page","link":"https:\/\/chaletdukite.com.br\/fr\/plage-de-prea\/","title":{"rendered":"Plage de Prea"},"content":{"rendered":"\t\t<div data-elementor-type=\"wp-page\" data-elementor-id=\"1728\" class=\"elementor elementor-1728 elementor-1423\" data-elementor-post-type=\"page\">\n\t\t\t\t\t\t<section class=\"elementor-section elementor-top-section elementor-element elementor-element-cf82cc9 elementor-section-height-min-height elementor-section-boxed elementor-section-height-default elementor-section-items-middle\" data-id=\"cf82cc9\" data-element_type=\"section\" data-settings=\"{&quot;background_background&quot;:&quot;classic&quot;}\">\n\t\t\t\t\t\t<div class=\"elementor-container elementor-column-gap-default\">\n\t\t\t\t\t<div class=\"elementor-column elementor-col-100 elementor-top-column elementor-element elementor-element-da587c9\" data-id=\"da587c9\" data-element_type=\"column\">\n\t\t\t<div class=\"elementor-widget-wrap\">\n\t\t\t\t\t\t\t<\/div>\n\t\t<\/div>\n\t\t\t\t\t<\/div>\n\t\t<\/section>\n\t\t\t\t<section class=\"elementor-section elementor-top-section elementor-element elementor-element-3b1c20d elementor-section-boxed elementor-section-height-default elementor-section-height-default\" data-id=\"3b1c20d\" data-element_type=\"section\">\n\t\t\t\t\t\t<div class=\"elementor-container elementor-column-gap-default\">\n\t\t\t\t\t<div class=\"elementor-column elementor-col-100 elementor-top-column elementor-element elementor-element-f22c90c\" data-id=\"f22c90c\" data-element_type=\"column\">\n\t\t\t<div class=\"elementor-widget-wrap elementor-element-populated\">\n\t\t\t\t\t\t<div class=\"elementor-element elementor-element-f442d04 elementor-widget__width-initial elementor-widget-divider--view-line elementor-widget elementor-widget-divider\" data-id=\"f442d04\" data-element_type=\"widget\" data-widget_type=\"divider.default\">\n\t\t\t\t<div class=\"elementor-widget-container\">\n\t\t\t\t\t\t\t<div class=\"elementor-divider\">\n\t\t\t<span class=\"elementor-divider-separator\">\n\t\t\t\t\t\t<\/span>\n\t\t<\/div>\n\t\t\t\t\t\t<\/div>\n\t\t\t\t<\/div>\n\t\t\t\t<div class=\"elementor-element elementor-element-a58cd19 elementor-widget elementor-widget-heading\" data-id=\"a58cd19\" data-element_type=\"widget\" data-widget_type=\"heading.default\">\n\t\t\t\t<div class=\"elementor-widget-container\">\n\t\t\t\t\t<h1 class=\"elementor-heading-title elementor-size-default\">Plage de Pre\u00e1<\/h1>\t\t\t\t<\/div>\n\t\t\t\t<\/div>\n\t\t\t\t<div class=\"elementor-element elementor-element-dcb99b2 elementor-widget elementor-widget-google_maps\" data-id=\"dcb99b2\" data-element_type=\"widget\" data-widget_type=\"google_maps.default\">\n\t\t\t\t<div class=\"elementor-widget-container\">\n\t\t\t\t\t\t\t<div class=\"elementor-custom-embed\">\n\t\t\t<iframe loading=\"lazy\"\n\t\t\t\t\tsrc=\"https:\/\/maps.google.com\/maps?q=Praia%20do%20Prea&#038;t=m&#038;z=12&#038;output=embed&#038;iwloc=near\"\n\t\t\t\t\ttitle=\"Praia do Prea\"\n\t\t\t\t\taria-label=\"Praia do Prea\"\n\t\t\t><\/iframe>\n\t\t<\/div>\n\t\t\t\t\t\t<\/div>\n\t\t\t\t<\/div>\n\t\t\t\t<div class=\"elementor-element elementor-element-6ac2bb9 elementor-widget elementor-widget-heading\" data-id=\"6ac2bb9\" data-element_type=\"widget\" data-widget_type=\"heading.default\">\n\t\t\t\t<div class=\"elementor-widget-container\">\n\t\t\t\t\t<h2 class=\"elementor-heading-title elementor-size-default\">Le paradis des kitesurfers<\/h2>\t\t\t\t<\/div>\n\t\t\t\t<\/div>\n\t\t\t\t<div class=\"elementor-element elementor-element-3c17c6e elementor-widget elementor-widget-text-editor\" data-id=\"3c17c6e\" data-element_type=\"widget\" data-widget_type=\"text-editor.default\">\n\t\t\t\t<div class=\"elementor-widget-container\">\n\t\t\t\t\t\t\t\t\t<p>La plage de Pre\u00e1 est tr\u00e8s populaire, peu connue des touristes br\u00e9siliens et tr\u00e8s connue des kitesurfers du monde entier, ce qui signifie que la plage de Pre\u00e1 est synonyme de vent.<\/p>\n<p>La communaut\u00e9 de Pre\u00e1 est compos\u00e9e de familles descendantes de p\u00eacheurs et se situe \u00e0 13 kilom\u00e8tres du village de Jericoacoara. Le jour, il y a la Duna do Por do Sol et la Pedra Furada et le soir, les ruelles sont magnifiques et il y a beaucoup de restaurants.<\/p>\n<p>Saviez-vous que 33 % du territoire du parc national de Jericoacoara appartient \u00e0 Pre\u00e1 Beach, et que les visites annonc\u00e9es du village de Jericoacoara, telles que le c\u00f4t\u00e9 est ou le c\u00f4t\u00e9 ouest, peuvent \u00eatre effectu\u00e9es \u00e0 partir de Pre\u00e1 Beach ?<\/p>\n<p>La plage de Pre\u00e1 se trouve \u00e0 c\u00f4t\u00e9 de la plage de Barrinha, qui est \u00e9galement un charmant village de p\u00eacheurs et qui m\u00e9rite une visite !<\/p>\n<p>Lagoa do Paraiso est tr\u00e8s proche de l&rsquo;h\u00f4tel, et \u00e0 40 minutes en voiture, en quad ou en buggy, vous pouvez vous reposer dans un hamac au bord de la lagune.<\/p>\n<p>Tatajuba fait partie du circuit du c\u00f4t\u00e9 ouest, c&rsquo;est notre len\u00e7\u00f3is Cearenses, c&rsquo;est un circuit riche en paysages, les points principaux sont les mangroves s\u00e8ches et les innombrables lagunes form\u00e9es par la pluie.<\/p>\n<p>Buraco Azul &#8211; est devenu la nouvelle attraction touristique de l&rsquo;\u00c9tat. Ce lac aux eaux extr\u00eamement turquoise s&rsquo;est form\u00e9 en raison des fortes pluies qui se sont produites en 2019 dans le Cear\u00e1.<\/p>\n<p>Pour les kitesurfeurs ou les personnes qui veulent un endroit pour se d\u00e9tendre, la plage est parfaite.<\/p>\n<p>La plage de Prea s&rsquo;adresse \u00e0 tous les budgets et \u00e0 tous les go\u00fbts et il n&rsquo;y a pas de taxe de s\u00e9jour.<\/p>\n\t\t\t\t\t\t\t\t<\/div>\n\t\t\t\t<\/div>\n\t\t\t\t<div class=\"elementor-element elementor-element-669bad4 elementor-widget elementor-widget-heading\" data-id=\"669bad4\" data-element_type=\"widget\" data-widget_type=\"heading.default\">\n\t\t\t\t<div class=\"elementor-widget-container\">\n\t\t\t\t\t<h2 class=\"elementor-heading-title elementor-size-default\">Louer une maison \u00e0 praia do prea<\/h2>\t\t\t\t<\/div>\n\t\t\t\t<\/div>\n\t\t\t\t<div class=\"elementor-element elementor-element-ce47f74 elementor-widget elementor-widget-text-editor\" data-id=\"ce47f74\" data-element_type=\"widget\" data-widget_type=\"text-editor.default\">\n\t\t\t\t<div class=\"elementor-widget-container\">\n\t\t\t\t\t\t\t\t\t<p>Nous sommes sur la plage de Prea. \u00c0 100 m\u00e8tres de la mer et \u00e0 10 minutes \u00e0 pied des principaux restaurants et pousadas : Vila Pre\u00e1, Rancho do Peixe, Rancho do Kite et Ventana.<\/p>\n\t\t\t\t\t\t\t\t<\/div>\n\t\t\t\t<\/div>\n\t\t\t\t<div class=\"elementor-element elementor-element-d60cd17 elementor-widget elementor-widget-button\" data-id=\"d60cd17\" data-element_type=\"widget\" data-widget_type=\"button.default\">\n\t\t\t\t<div class=\"elementor-widget-container\">\n\t\t\t\t\t\t\t\t\t<div class=\"elementor-button-wrapper\">\n\t\t\t\t\t<a class=\"elementor-button elementor-button-link elementor-size-sm\" href=\"https:\/\/chaletdukite.com.br\/fr\/\">\n\t\t\t\t\t\t<span class=\"elementor-button-content-wrapper\">\n\t\t\t\t\t\t\t\t\t<span class=\"elementor-button-text\">Apprenez \u00e0 conna\u00eetre nos h\u00e9bergements<\/span>\n\t\t\t\t\t<\/span>\n\t\t\t\t\t<\/a>\n\t\t\t\t<\/div>\n\t\t\t\t\t\t\t\t<\/div>\n\t\t\t\t<\/div>\n\t\t\t\t<div class=\"elementor-element elementor-element-99564c4 elementor-widget elementor-widget-spacer\" data-id=\"99564c4\" data-element_type=\"widget\" data-widget_type=\"spacer.default\">\n\t\t\t\t<div class=\"elementor-widget-container\">\n\t\t\t\t\t\t\t<div class=\"elementor-spacer\">\n\t\t\t<div class=\"elementor-spacer-inner\"><\/div>\n\t\t<\/div>\n\t\t\t\t\t\t<\/div>\n\t\t\t\t<\/div>\n\t\t\t\t\t<\/div>\n\t\t<\/div>\n\t\t\t\t\t<\/div>\n\t\t<\/section>\n\t\t\t\t<\/div>\n\t\t","protected":false},"excerpt":{"rendered":"<p>Plage de Pre\u00e1 Le paradis des kitesurfers La plage de Pre\u00e1 est tr\u00e8s populaire, peu connue des touristes br\u00e9siliens et tr\u00e8s connue des kitesurfers du monde entier, ce qui signifie que la plage de Pre\u00e1 est synonyme de vent. La communaut\u00e9 de Pre\u00e1 est compos\u00e9e de familles descendantes de p\u00eacheurs et se situe \u00e0 13 [&hellip;]<\/p>\n","protected":false},"author":2,"featured_media":0,"parent":0,"menu_order":0,"comment_status":"closed","ping_status":"closed","template":"","meta":{"_seopress_robots_primary_cat":"","_seopress_titles_title":"Praia do Prea %%sep%% %%sitetitle%%","_seopress_titles_desc":"La plage de Prea, est tr\u00e8s visit\u00e9e, mais peu connue des touristes br\u00e9siliens et bien connue des kitesurfeurs du monde entier, ou la plage de Prea est synonyme de vent.","_seopress_robots_index":"","footnotes":""},"class_list":["post-1728","page","type-page","status-publish","hentry"],"_links":{"self":[{"href":"https:\/\/chaletdukite.com.br\/fr\/wp-json\/wp\/v2\/pages\/1728","targetHints":{"allow":["GET"]}}],"collection":[{"href":"https:\/\/chaletdukite.com.br\/fr\/wp-json\/wp\/v2\/pages"}],"about":[{"href":"https:\/\/chaletdukite.com.br\/fr\/wp-json\/wp\/v2\/types\/page"}],"author":[{"embeddable":true,"href":"https:\/\/chaletdukite.com.br\/fr\/wp-json\/wp\/v2\/users\/2"}],"replies":[{"embeddable":true,"href":"https:\/\/chaletdukite.com.br\/fr\/wp-json\/wp\/v2\/comments?post=1728"}],"version-history":[{"count":5,"href":"https:\/\/chaletdukite.com.br\/fr\/wp-json\/wp\/v2\/pages\/1728\/revisions"}],"predecessor-version":[{"id":2052,"href":"https:\/\/chaletdukite.com.br\/fr\/wp-json\/wp\/v2\/pages\/1728\/revisions\/2052"}],"wp:attachment":[{"href":"https:\/\/chaletdukite.com.br\/fr\/wp-json\/wp\/v2\/media?parent=1728"}],"curies":[{"name":"wp","href":"https:\/\/api.w.org\/{rel}","templated":true}]}}