{"id":1746,"date":"2022-05-24T05:28:12","date_gmt":"2022-05-24T08:28:12","guid":{"rendered":"http:\/\/chaletdukite.com.br\/kitesurfing\/"},"modified":"2023-08-30T15:33:18","modified_gmt":"2023-08-30T18:33:18","slug":"kitesurf-a-prea","status":"publish","type":"page","link":"https:\/\/chaletdukite.com.br\/fr\/kitesurf-a-prea\/","title":{"rendered":"Kitesurf"},"content":{"rendered":"\t\t<div data-elementor-type=\"wp-page\" data-elementor-id=\"1746\" class=\"elementor elementor-1746 elementor-1440\" data-elementor-post-type=\"page\">\n\t\t\t\t\t\t<section class=\"elementor-section elementor-top-section elementor-element elementor-element-844a7ca elementor-section-full_width elementor-section-height-min-height elementor-section-height-default elementor-section-items-middle\" data-id=\"844a7ca\" data-element_type=\"section\" data-settings=\"{&quot;background_background&quot;:&quot;classic&quot;}\">\n\t\t\t\t\t\t<div class=\"elementor-container elementor-column-gap-default\">\n\t\t\t\t\t<div class=\"elementor-column elementor-col-100 elementor-top-column elementor-element elementor-element-c421497\" data-id=\"c421497\" data-element_type=\"column\">\n\t\t\t<div class=\"elementor-widget-wrap\">\n\t\t\t\t\t\t\t<\/div>\n\t\t<\/div>\n\t\t\t\t\t<\/div>\n\t\t<\/section>\n\t\t\t\t<section class=\"elementor-section elementor-top-section elementor-element elementor-element-3b1c20d elementor-section-boxed elementor-section-height-default elementor-section-height-default\" data-id=\"3b1c20d\" data-element_type=\"section\">\n\t\t\t\t\t\t<div class=\"elementor-container elementor-column-gap-default\">\n\t\t\t\t\t<div class=\"elementor-column elementor-col-100 elementor-top-column elementor-element elementor-element-f22c90c\" data-id=\"f22c90c\" data-element_type=\"column\">\n\t\t\t<div class=\"elementor-widget-wrap elementor-element-populated\">\n\t\t\t\t\t\t<div class=\"elementor-element elementor-element-f442d04 elementor-widget__width-initial elementor-widget-divider--view-line elementor-widget elementor-widget-divider\" data-id=\"f442d04\" data-element_type=\"widget\" data-widget_type=\"divider.default\">\n\t\t\t\t<div class=\"elementor-widget-container\">\n\t\t\t\t\t\t\t<div class=\"elementor-divider\">\n\t\t\t<span class=\"elementor-divider-separator\">\n\t\t\t\t\t\t<\/span>\n\t\t<\/div>\n\t\t\t\t\t\t<\/div>\n\t\t\t\t<\/div>\n\t\t\t\t<div class=\"elementor-element elementor-element-a58cd19 elementor-widget elementor-widget-heading\" data-id=\"a58cd19\" data-element_type=\"widget\" data-widget_type=\"heading.default\">\n\t\t\t\t<div class=\"elementor-widget-container\">\n\t\t\t\t\t<h1 class=\"elementor-heading-title elementor-size-default\">Kitesurf \u00e0 Pre\u00e1<\/h1>\t\t\t\t<\/div>\n\t\t\t\t<\/div>\n\t\t\t\t<div class=\"elementor-element elementor-element-dcb99b2 elementor-widget elementor-widget-google_maps\" data-id=\"dcb99b2\" data-element_type=\"widget\" data-widget_type=\"google_maps.default\">\n\t\t\t\t<div class=\"elementor-widget-container\">\n\t\t\t\t\t\t\t<div class=\"elementor-custom-embed\">\n\t\t\t<iframe loading=\"lazy\"\n\t\t\t\t\tsrc=\"https:\/\/maps.google.com\/maps?q=Praia%20do%20Prea&#038;t=m&#038;z=12&#038;output=embed&#038;iwloc=near\"\n\t\t\t\t\ttitle=\"Praia do Prea\"\n\t\t\t\t\taria-label=\"Praia do Prea\"\n\t\t\t><\/iframe>\n\t\t<\/div>\n\t\t\t\t\t\t<\/div>\n\t\t\t\t<\/div>\n\t\t\t\t<div class=\"elementor-element elementor-element-6ac2bb9 elementor-widget elementor-widget-heading\" data-id=\"6ac2bb9\" data-element_type=\"widget\" data-widget_type=\"heading.default\">\n\t\t\t\t<div class=\"elementor-widget-container\">\n\t\t\t\t\t<h2 class=\"elementor-heading-title elementor-size-default\">Venez faire du kitesurf \u00e0 Pre\u00e1<\/h2>\t\t\t\t<\/div>\n\t\t\t\t<\/div>\n\t\t\t\t<div class=\"elementor-element elementor-element-3c17c6e elementor-widget elementor-widget-text-editor\" data-id=\"3c17c6e\" data-element_type=\"widget\" data-widget_type=\"text-editor.default\">\n\t\t\t\t<div class=\"elementor-widget-container\">\n\t\t\t\t\t\t\t\t\t<p>La plage de Pre\u00e1 est l&rsquo;endroit id\u00e9al pour le kitesurf, avec un vent side-onshore, parfait pour les amateurs de downwind.<\/p>\n<p>De juillet \u00e0 janvier, c&rsquo;est la saison des vents, qui varient de 20 \u00e0 35 n\u0153uds.<\/p>\n<p>La Mecque du kitesurf<span style=\"color: var( --e-global-color-text );\">est aussi un endroit pour les d\u00e9butants, avec des gens du monde entier et des professeurs qui enseignent en espagnol, en fran\u00e7ais<\/span>, en<span style=\"color: var( --e-global-color-text );\">anglais<\/span>, en<span style=\"color: var( --e-global-color-text );\">allemand et en italien<\/span>.<\/p>\n<p>Le Chalet du Kite est la maison du kitesurfeur qui veut travailler le<span style=\"color: #404040; font-family: Roboto, -apple-system, 'system-ui', 'Segoe UI', 'Helvetica Neue', Arial, sans-serif, 'Apple Color Emoji', 'Segoe UI Emoji', 'Segoe UI Symbol';\">matin<\/span><span style=\"color: var( --e-global-color-text );\"> avec des conf\u00e9rences t\u00e9l\u00e9phoniques et l&rsquo;apr\u00e8s-midi faire de la voile. Nous sommes \u00e0 100 m\u00e8tres de la plage<\/span>.<\/p>\n<p>Que vous soyez d\u00e9butant ou exp\u00e9riment\u00e9, vous pouvez compter sur nous pour vous<span style=\"color: #202124; font-family: arial, sans-serif;\">conseiller<\/span> sur les<span style=\"color: var( --e-global-color-text );\">\u00e9coles de kitesurf<\/span> et les<span style=\"color: var( --e-global-color-text );\">agences de downwind<\/span>.<\/p>\n<p>Nous sommes \u00e0 10 minutes \u00e0 pied des principaux restaurants et auberges de la Beira Mar : Vila Pre\u00e1, Rancho do Peixe, Rancho do Kite et Ventana.<\/p>\n\t\t\t\t\t\t\t\t<\/div>\n\t\t\t\t<\/div>\n\t\t\t\t<div class=\"elementor-element elementor-element-d60cd17 elementor-widget elementor-widget-button\" data-id=\"d60cd17\" data-element_type=\"widget\" data-widget_type=\"button.default\">\n\t\t\t\t<div class=\"elementor-widget-container\">\n\t\t\t\t\t\t\t\t\t<div class=\"elementor-button-wrapper\">\n\t\t\t\t\t<a class=\"elementor-button elementor-button-link elementor-size-sm\" href=\"https:\/\/chaletdukite.com.br\/fr\/\">\n\t\t\t\t\t\t<span class=\"elementor-button-content-wrapper\">\n\t\t\t\t\t\t\t\t\t<span class=\"elementor-button-text\">Apprenez \u00e0 conna\u00eetre nos h\u00e9bergements<\/span>\n\t\t\t\t\t<\/span>\n\t\t\t\t\t<\/a>\n\t\t\t\t<\/div>\n\t\t\t\t\t\t\t\t<\/div>\n\t\t\t\t<\/div>\n\t\t\t\t<div class=\"elementor-element elementor-element-99564c4 elementor-widget elementor-widget-spacer\" data-id=\"99564c4\" data-element_type=\"widget\" data-widget_type=\"spacer.default\">\n\t\t\t\t<div class=\"elementor-widget-container\">\n\t\t\t\t\t\t\t<div class=\"elementor-spacer\">\n\t\t\t<div class=\"elementor-spacer-inner\"><\/div>\n\t\t<\/div>\n\t\t\t\t\t\t<\/div>\n\t\t\t\t<\/div>\n\t\t\t\t\t<\/div>\n\t\t<\/div>\n\t\t\t\t\t<\/div>\n\t\t<\/section>\n\t\t\t\t<\/div>\n\t\t","protected":false},"excerpt":{"rendered":"<p>Kitesurf \u00e0 Pre\u00e1 Venez faire du kitesurf \u00e0 Pre\u00e1 La plage de Pre\u00e1 est l&rsquo;endroit id\u00e9al pour le kitesurf, avec un vent side-onshore, parfait pour les amateurs de downwind. De juillet \u00e0 janvier, c&rsquo;est la saison des vents, qui varient de 20 \u00e0 35 n\u0153uds. La Mecque du kitesurfest aussi un endroit pour les d\u00e9butants, [&hellip;]<\/p>\n","protected":false},"author":2,"featured_media":0,"parent":0,"menu_order":0,"comment_status":"closed","ping_status":"closed","template":"","meta":{"_seopress_robots_primary_cat":"","_seopress_titles_title":"%%post_title%% %%sep%% %%sitetitle%%","_seopress_titles_desc":"La plage de Pre\u00e1 est l'endroit id\u00e9al pour le kitesurf, avec un vent side-onshore, parfait pour les amateurs de downwind.","_seopress_robots_index":"","footnotes":""},"class_list":["post-1746","page","type-page","status-publish","hentry"],"_links":{"self":[{"href":"https:\/\/chaletdukite.com.br\/fr\/wp-json\/wp\/v2\/pages\/1746","targetHints":{"allow":["GET"]}}],"collection":[{"href":"https:\/\/chaletdukite.com.br\/fr\/wp-json\/wp\/v2\/pages"}],"about":[{"href":"https:\/\/chaletdukite.com.br\/fr\/wp-json\/wp\/v2\/types\/page"}],"author":[{"embeddable":true,"href":"https:\/\/chaletdukite.com.br\/fr\/wp-json\/wp\/v2\/users\/2"}],"replies":[{"embeddable":true,"href":"https:\/\/chaletdukite.com.br\/fr\/wp-json\/wp\/v2\/comments?post=1746"}],"version-history":[{"count":5,"href":"https:\/\/chaletdukite.com.br\/fr\/wp-json\/wp\/v2\/pages\/1746\/revisions"}],"predecessor-version":[{"id":1951,"href":"https:\/\/chaletdukite.com.br\/fr\/wp-json\/wp\/v2\/pages\/1746\/revisions\/1951"}],"wp:attachment":[{"href":"https:\/\/chaletdukite.com.br\/fr\/wp-json\/wp\/v2\/media?parent=1746"}],"curies":[{"name":"wp","href":"https:\/\/api.w.org\/{rel}","templated":true}]}}