{"id":1753,"date":"2021-07-22T20:10:49","date_gmt":"2021-07-22T23:10:49","guid":{"rendered":"http:\/\/chaletdukite.com.br\/politique-de-confidentialite\/"},"modified":"2022-09-16T14:52:25","modified_gmt":"2022-09-16T17:52:25","slug":"politique-de-confidentialite","status":"publish","type":"page","link":"https:\/\/chaletdukite.com.br\/fr\/politique-de-confidentialite\/","title":{"rendered":"Politique de confidentialit\u00e9"},"content":{"rendered":"\n<h2 class=\"wp-block-heading\">Qui sommes-nous ?<\/h2>\n\n<p><strong class=\"privacy-policy-tutorial\">Texte sugg\u00e9r\u00e9 : <\/strong>L&rsquo;adresse de notre site web est la suivante : http:\/\/chaletdukite.com.br.<\/p>\n\n<h2 class=\"wp-block-heading\">Commentaires<\/h2>\n\n<p><strong class=\"privacy-policy-tutorial\">Texte sugg\u00e9r\u00e9 : <\/strong>lorsque les visiteurs laissent des commentaires sur le site, nous recueillons les donn\u00e9es indiqu\u00e9es sur le formulaire de commentaire ainsi que l&rsquo;adresse IP du visiteur et les donn\u00e9es du navigateur afin de faciliter la d\u00e9tection des spams.<\/p>\n\n<p>Une cha\u00eene de caract\u00e8res anonymis\u00e9e cr\u00e9\u00e9e \u00e0 partir de votre e-mail (\u00e9galement appel\u00e9e hash) peut \u00eatre envoy\u00e9e \u00e0 Gravatar pour v\u00e9rifier que vous utilisez le service. La politique de confidentialit\u00e9 de Gravatar est disponible ici : https:\/\/automattic.com\/privacy\/. Une fois votre commentaire approuv\u00e9, votre photo de profil est publiquement visible \u00e0 c\u00f4t\u00e9 de votre commentaire.<\/p>\n\n<h2 class=\"wp-block-heading\">M\u00e9dias<\/h2>\n\n<p><strong class=\"privacy-policy-tutorial\">Texte sugg\u00e9r\u00e9 : <\/strong>Si vous envoyez des images sur le site, \u00e9vitez d&rsquo;envoyer celles qui contiennent des donn\u00e9es de localisation int\u00e9gr\u00e9es (GPS EXIF). Les visiteurs peuvent t\u00e9l\u00e9charger ces images sur le site web et en extraire les donn\u00e9es de localisation.<\/p>\n\n<h2 class=\"wp-block-heading\">Cookies<\/h2>\n\n<p><strong class=\"privacy-policy-tutorial\">Texte sugg\u00e9r\u00e9 : <\/strong>Lorsque vous laissez un commentaire sur le site, vous pouvez choisir d&rsquo;enregistrer votre nom, votre adresse \u00e9lectronique et votre site dans les cookies. Pour votre confort, vous n&rsquo;aurez pas \u00e0 remplir \u00e0 nouveau vos coordonn\u00e9es lorsque vous ferez un autre commentaire. Ces biscuits se conservent pendant un an.<\/p>\n\n<p>Si vous avez un compte et acc\u00e9dez \u00e0 ce site, un cookie temporaire sera cr\u00e9\u00e9 pour d\u00e9terminer si votre navigateur accepte les cookies. Il ne contient aucune donn\u00e9e personnelle et sera supprim\u00e9 lorsque vous fermerez votre navigateur.<\/p>\n\n<p>Lorsque vous vous connectez \u00e0 votre compte sur le site, nous cr\u00e9ons \u00e9galement divers cookies pour enregistrer les donn\u00e9es de votre compte et vos choix d&rsquo;affichage \u00e0 l&rsquo;\u00e9cran. Les cookies de connexion sont conserv\u00e9s pendant deux jours et les cookies d&rsquo;option d&rsquo;\u00e9cran pendant un an. Si vous s\u00e9lectionnez \u00ab\u00a0Se souvenir de moi\u00a0\u00bb, votre acc\u00e8s sera maintenu pendant une quinzaine de jours. Si vous vous d\u00e9connectez de votre compte, les cookies de connexion seront supprim\u00e9s.<\/p>\n\n<p>Si vous modifiez ou publiez un article, un cookie suppl\u00e9mentaire sera enregistr\u00e9 dans votre navigateur. Ce cookie ne comprend aucune donn\u00e9e personnelle et indique simplement l&rsquo;ID du message faisant r\u00e9f\u00e9rence \u00e0 l&rsquo;article que vous venez de modifier. Il expire apr\u00e8s 1 jour.<\/p>\n\n<h2 class=\"wp-block-heading\">M\u00e9dias int\u00e9gr\u00e9s dans d&rsquo;autres sites web<\/h2>\n\n<p><strong class=\"privacy-policy-tutorial\">Texte sugg\u00e9r\u00e9 : <\/strong>Les articles de ce site peuvent inclure du contenu int\u00e9gr\u00e9 tel que des vid\u00e9os, des images, des articles, etc. Le contenu int\u00e9gr\u00e9 d&rsquo;autres sites se comporte exactement comme si le visiteur se rendait sur l&rsquo;autre site.<\/p>\n\n<p>Ces sites peuvent recueillir des donn\u00e9es vous concernant, utiliser des cookies, int\u00e9grer un suivi suppl\u00e9mentaire par des tiers et surveiller votre interaction avec ce contenu int\u00e9gr\u00e9, y compris votre interaction avec le contenu int\u00e9gr\u00e9 si vous avez un compte et \u00eates connect\u00e9 au site.<\/p>\n\n<h2 class=\"wp-block-heading\">Avec qui nous partageons vos donn\u00e9es<\/h2>\n\n<p><strong class=\"privacy-policy-tutorial\">Texte sugg\u00e9r\u00e9 : <\/strong>Si vous demandez une r\u00e9initialisation du mot de passe, votre adresse IP sera incluse dans l&rsquo;e-mail de r\u00e9initialisation du mot de passe.<\/p>\n\n<h2 class=\"wp-block-heading\">Combien de temps nous conservons vos donn\u00e9es<\/h2>\n\n<p><strong class=\"privacy-policy-tutorial\">Texte propos\u00e9 : <\/strong>Si vous laissez un commentaire, le commentaire et ses m\u00e9tadonn\u00e9es sont conserv\u00e9s ind\u00e9finiment. Cela nous permet de reconna\u00eetre et d&rsquo;approuver automatiquement tout commentaire ult\u00e9rieur plut\u00f4t que de le retenir pour mod\u00e9ration.<\/p>\n\n<p>Pour les utilisateurs qui s&rsquo;inscrivent sur notre site (le cas \u00e9ch\u00e9ant), nous stockons \u00e9galement les informations personnelles qu&rsquo;ils fournissent dans leur profil d&rsquo;utilisateur. Tous les utilisateurs peuvent consulter, modifier ou supprimer leurs informations personnelles \u00e0 tout moment (seul leur nom d&rsquo;utilisateur ne peut \u00eatre modifi\u00e9). Les administrateurs du site peuvent \u00e9galement consulter et modifier ces informations.<\/p>\n\n<h2 class=\"wp-block-heading\">Quels sont vos droits sur vos donn\u00e9es ?<\/h2>\n\n<p><strong class=\"privacy-policy-tutorial\">Texte sugg\u00e9r\u00e9 : <\/strong>Si vous avez un compte sur ce site ou si vous avez laiss\u00e9 des commentaires, vous pouvez demander un fichier export\u00e9 des donn\u00e9es personnelles que nous d\u00e9tenons \u00e0 votre sujet, y compris les donn\u00e9es que vous nous avez fournies. Vous pouvez \u00e9galement nous demander de supprimer toutes les donn\u00e9es personnelles que nous d\u00e9tenons \u00e0 votre sujet. Cela ne comprend pas les donn\u00e9es que nous sommes oblig\u00e9s de conserver \u00e0 des fins administratives, juridiques ou de s\u00e9curit\u00e9.<\/p>\n\n<h2 class=\"wp-block-heading\">O\u00f9 nous envoyons vos donn\u00e9es<\/h2>\n\n<p><strong class=\"privacy-policy-tutorial\">Texte sugg\u00e9r\u00e9 : <\/strong>les commentaires des visiteurs peuvent \u00eatre signal\u00e9s par un service de d\u00e9tection automatique des spams.<\/p>\n","protected":false},"excerpt":{"rendered":"<p>Qui sommes-nous ? Texte sugg\u00e9r\u00e9 : L&rsquo;adresse de notre site web est la suivante : http:\/\/chaletdukite.com.br. Commentaires Texte sugg\u00e9r\u00e9 : lorsque les visiteurs laissent des commentaires sur le site, nous recueillons les donn\u00e9es indiqu\u00e9es sur le formulaire de commentaire ainsi que l&rsquo;adresse IP du visiteur et les donn\u00e9es du navigateur afin de faciliter la d\u00e9tection [&hellip;]<\/p>\n","protected":false},"author":2,"featured_media":0,"parent":0,"menu_order":0,"comment_status":"closed","ping_status":"closed","template":"","meta":{"_seopress_robots_primary_cat":"","_seopress_titles_title":"","_seopress_titles_desc":"","_seopress_robots_index":"","footnotes":""},"class_list":["post-1753","page","type-page","status-publish","hentry"],"_links":{"self":[{"href":"https:\/\/chaletdukite.com.br\/fr\/wp-json\/wp\/v2\/pages\/1753","targetHints":{"allow":["GET"]}}],"collection":[{"href":"https:\/\/chaletdukite.com.br\/fr\/wp-json\/wp\/v2\/pages"}],"about":[{"href":"https:\/\/chaletdukite.com.br\/fr\/wp-json\/wp\/v2\/types\/page"}],"author":[{"embeddable":true,"href":"https:\/\/chaletdukite.com.br\/fr\/wp-json\/wp\/v2\/users\/2"}],"replies":[{"embeddable":true,"href":"https:\/\/chaletdukite.com.br\/fr\/wp-json\/wp\/v2\/comments?post=1753"}],"version-history":[{"count":1,"href":"https:\/\/chaletdukite.com.br\/fr\/wp-json\/wp\/v2\/pages\/1753\/revisions"}],"predecessor-version":[{"id":1758,"href":"https:\/\/chaletdukite.com.br\/fr\/wp-json\/wp\/v2\/pages\/1753\/revisions\/1758"}],"wp:attachment":[{"href":"https:\/\/chaletdukite.com.br\/fr\/wp-json\/wp\/v2\/media?parent=1753"}],"curies":[{"name":"wp","href":"https:\/\/api.w.org\/{rel}","templated":true}]}}