{"id":2066,"date":"2023-09-10T10:27:26","date_gmt":"2023-09-10T13:27:26","guid":{"rendered":"http:\/\/chaletdukite.com.br\/commentaires-des-invites\/"},"modified":"2025-10-25T13:30:11","modified_gmt":"2025-10-25T16:30:11","slug":"commentaires-des-invites","status":"publish","type":"page","link":"https:\/\/chaletdukite.com.br\/fr\/commentaires-des-invites\/","title":{"rendered":"Livre d&rsquo;or"},"content":{"rendered":"\t\t<div data-elementor-type=\"wp-page\" data-elementor-id=\"2066\" class=\"elementor elementor-2066 elementor-2060\" data-elementor-post-type=\"page\">\n\t\t\t\t\t\t<section class=\"elementor-section elementor-top-section elementor-element elementor-element-a103df7 elementor-section-height-min-height elementor-section-boxed elementor-section-height-default elementor-section-items-middle\" data-id=\"a103df7\" data-element_type=\"section\" data-settings=\"{&quot;background_background&quot;:&quot;classic&quot;}\">\n\t\t\t\t\t\t\t<div class=\"elementor-background-overlay\"><\/div>\n\t\t\t\t\t\t\t<div class=\"elementor-container elementor-column-gap-default\">\n\t\t\t\t\t<div class=\"elementor-column elementor-col-100 elementor-top-column elementor-element elementor-element-ec9a248\" data-id=\"ec9a248\" data-element_type=\"column\">\n\t\t\t<div class=\"elementor-widget-wrap elementor-element-populated\">\n\t\t\t\t\t\t<div class=\"elementor-element elementor-element-775647b elementor-widget elementor-widget-heading\" data-id=\"775647b\" data-element_type=\"widget\" data-widget_type=\"heading.default\">\n\t\t\t\t<div class=\"elementor-widget-container\">\n\t\t\t\t\t<h1 class=\"elementor-heading-title elementor-size-default\">Livre d&rsquo;or<\/h1>\t\t\t\t<\/div>\n\t\t\t\t<\/div>\n\t\t\t\t\t<\/div>\n\t\t<\/div>\n\t\t\t\t\t<\/div>\n\t\t<\/section>\n\t\t\t\t<section class=\"elementor-section elementor-top-section elementor-element elementor-element-fa1ccc9 elementor-section-boxed elementor-section-height-default elementor-section-height-default\" data-id=\"fa1ccc9\" data-element_type=\"section\">\n\t\t\t\t\t\t<div class=\"elementor-container elementor-column-gap-default\">\n\t\t\t\t\t<div class=\"elementor-column elementor-col-100 elementor-top-column elementor-element elementor-element-0bd4e01\" data-id=\"0bd4e01\" data-element_type=\"column\">\n\t\t\t<div class=\"elementor-widget-wrap elementor-element-populated\">\n\t\t\t\t\t\t<div class=\"elementor-element elementor-element-6fbcd65 elementor-widget elementor-widget-text-editor\" data-id=\"6fbcd65\" data-element_type=\"widget\" data-widget_type=\"text-editor.default\">\n\t\t\t\t<div class=\"elementor-widget-container\">\n\t\t\t\t\t\t\t\t\t<h2>D\u00e9couvrez quelques-uns de nos avis de clients<\/h2><p>La majorit\u00e9 des nos guests sont des personnes qui travaillent en ligne, soit en <strong>home office<\/strong>, soit en tant que <strong>digital nomade<\/strong>.<\/p><p>Ils travaillent g\u00e9n\u00e9ralement le matin depuis leur bureau, apr\u00e8s avoir pris un petit-d\u00e9jeuner pr\u00e9par\u00e9 dans leur cuisine ind\u00e9pendante.<\/p><p>L&rsquo;apr\u00e8s-midi, ils r\u00e9cup\u00e8rent leur \u00e9quipement et vont faire du <strong>kitesurf<\/strong> sur la plage, qui se trouve \u00e0 100 m\u00e8tres.<\/p><p>Ils terminent la journ\u00e9e en regardant le coucher de soleil depuis leur hamac, un verre de vin \u00e0 la main.<\/p>\t\t\t\t\t\t\t\t<\/div>\n\t\t\t\t<\/div>\n\t\t\t\t<div class=\"elementor-element elementor-element-9e6e397 elementor-widget elementor-widget-video\" data-id=\"9e6e397\" data-element_type=\"widget\" data-settings=\"{&quot;youtube_url&quot;:&quot;https:\\\/\\\/www.youtube.com\\\/watch?v=-gfB9HtY3Ww&quot;,&quot;video_type&quot;:&quot;youtube&quot;,&quot;controls&quot;:&quot;yes&quot;}\" data-widget_type=\"video.default\">\n\t\t\t\t<div class=\"elementor-widget-container\">\n\t\t\t\t\t\t\t<div class=\"elementor-wrapper elementor-open-inline\">\n\t\t\t<div class=\"elementor-video\"><\/div>\t\t<\/div>\n\t\t\t\t\t\t<\/div>\n\t\t\t\t<\/div>\n\t\t\t\t\t<\/div>\n\t\t<\/div>\n\t\t\t\t\t<\/div>\n\t\t<\/section>\n\t\t\t\t<section class=\"elementor-section elementor-top-section elementor-element elementor-element-c47e988 elementor-section-boxed elementor-section-height-default elementor-section-height-default\" data-id=\"c47e988\" data-element_type=\"section\">\n\t\t\t\t\t\t<div class=\"elementor-container elementor-column-gap-default\">\n\t\t\t\t\t<div class=\"elementor-column elementor-col-100 elementor-top-column elementor-element elementor-element-3acaf43\" data-id=\"3acaf43\" data-element_type=\"column\">\n\t\t\t<div class=\"elementor-widget-wrap elementor-element-populated\">\n\t\t\t\t\t\t<div class=\"elementor-element elementor-element-57aa03e elementor-align-center elementor-widget elementor-widget-button\" data-id=\"57aa03e\" data-element_type=\"widget\" data-widget_type=\"button.default\">\n\t\t\t\t<div class=\"elementor-widget-container\">\n\t\t\t\t\t\t\t\t\t<div class=\"elementor-button-wrapper\">\n\t\t\t\t\t<a class=\"elementor-button elementor-button-link elementor-size-sm\" href=\"https:\/\/maps.app.goo.gl\/Rq1DyTK4bzVD7jZm6\" target=\"_blank\" rel=\"nofollow\">\n\t\t\t\t\t\t<span class=\"elementor-button-content-wrapper\">\n\t\t\t\t\t\t\t\t\t<span class=\"elementor-button-text\">Voir sur Google<\/span>\n\t\t\t\t\t<\/span>\n\t\t\t\t\t<\/a>\n\t\t\t\t<\/div>\n\t\t\t\t\t\t\t\t<\/div>\n\t\t\t\t<\/div>\n\t\t\t\t<div class=\"elementor-element elementor-element-b021ec1 elementor-widget elementor-widget-image\" data-id=\"b021ec1\" data-element_type=\"widget\" data-widget_type=\"image.default\">\n\t\t\t\t<div class=\"elementor-widget-container\">\n\t\t\t\t\t\t\t\t\t\t\t\t\t\t\t<img fetchpriority=\"high\" decoding=\"async\" width=\"686\" height=\"1024\" src=\"https:\/\/chaletdukite.com.br\/wp-content\/uploads\/2023\/09\/avis-client-chalet-du-kite-prea1-686x1024.png\" class=\"attachment-large size-large wp-image-2080\" alt=\"\" srcset=\"https:\/\/chaletdukite.com.br\/wp-content\/uploads\/2023\/09\/avis-client-chalet-du-kite-prea1-686x1024.png 686w, https:\/\/chaletdukite.com.br\/wp-content\/uploads\/2023\/09\/avis-client-chalet-du-kite-prea1-201x300.png 201w, https:\/\/chaletdukite.com.br\/wp-content\/uploads\/2023\/09\/avis-client-chalet-du-kite-prea1-768x1147.png 768w, https:\/\/chaletdukite.com.br\/wp-content\/uploads\/2023\/09\/avis-client-chalet-du-kite-prea1-1029x1536.png 1029w, https:\/\/chaletdukite.com.br\/wp-content\/uploads\/2023\/09\/avis-client-chalet-du-kite-prea1.png 1184w\" sizes=\"(max-width: 686px) 100vw, 686px\" \/>\t\t\t\t\t\t\t\t\t\t\t\t\t\t\t<\/div>\n\t\t\t\t<\/div>\n\t\t\t\t<div class=\"elementor-element elementor-element-823b9c4 elementor-widget elementor-widget-image\" data-id=\"823b9c4\" data-element_type=\"widget\" data-widget_type=\"image.default\">\n\t\t\t\t<div class=\"elementor-widget-container\">\n\t\t\t\t\t\t\t\t\t\t\t\t\t\t\t<img decoding=\"async\" width=\"660\" height=\"1024\" src=\"https:\/\/chaletdukite.com.br\/wp-content\/uploads\/2023\/09\/avis-client-chalet-du-kite-prea2-660x1024.png\" class=\"attachment-large size-large wp-image-2083\" alt=\"\" srcset=\"https:\/\/chaletdukite.com.br\/wp-content\/uploads\/2023\/09\/avis-client-chalet-du-kite-prea2-660x1024.png 660w, https:\/\/chaletdukite.com.br\/wp-content\/uploads\/2023\/09\/avis-client-chalet-du-kite-prea2-193x300.png 193w, https:\/\/chaletdukite.com.br\/wp-content\/uploads\/2023\/09\/avis-client-chalet-du-kite-prea2-768x1192.png 768w, https:\/\/chaletdukite.com.br\/wp-content\/uploads\/2023\/09\/avis-client-chalet-du-kite-prea2-989x1536.png 989w, https:\/\/chaletdukite.com.br\/wp-content\/uploads\/2023\/09\/avis-client-chalet-du-kite-prea2.png 1184w\" sizes=\"(max-width: 660px) 100vw, 660px\" \/>\t\t\t\t\t\t\t\t\t\t\t\t\t\t\t<\/div>\n\t\t\t\t<\/div>\n\t\t\t\t<div class=\"elementor-element elementor-element-565fc1b elementor-widget elementor-widget-image\" data-id=\"565fc1b\" data-element_type=\"widget\" data-widget_type=\"image.default\">\n\t\t\t\t<div class=\"elementor-widget-container\">\n\t\t\t\t\t\t\t\t\t\t\t\t\t\t\t<img decoding=\"async\" width=\"800\" height=\"827\" src=\"https:\/\/chaletdukite.com.br\/wp-content\/uploads\/2023\/09\/avis-client-chalet-du-kite-prea3-991x1024.png\" class=\"attachment-large size-large wp-image-2095\" alt=\"\" srcset=\"https:\/\/chaletdukite.com.br\/wp-content\/uploads\/2023\/09\/avis-client-chalet-du-kite-prea3-991x1024.png 991w, https:\/\/chaletdukite.com.br\/wp-content\/uploads\/2023\/09\/avis-client-chalet-du-kite-prea3-290x300.png 290w, https:\/\/chaletdukite.com.br\/wp-content\/uploads\/2023\/09\/avis-client-chalet-du-kite-prea3-768x793.png 768w, https:\/\/chaletdukite.com.br\/wp-content\/uploads\/2023\/09\/avis-client-chalet-du-kite-prea3.png 1184w\" sizes=\"(max-width: 800px) 100vw, 800px\" \/>\t\t\t\t\t\t\t\t\t\t\t\t\t\t\t<\/div>\n\t\t\t\t<\/div>\n\t\t\t\t<div class=\"elementor-element elementor-element-5d1208c elementor-widget elementor-widget-image\" data-id=\"5d1208c\" data-element_type=\"widget\" data-widget_type=\"image.default\">\n\t\t\t\t<div class=\"elementor-widget-container\">\n\t\t\t\t\t\t\t\t\t\t\t\t\t\t\t<img loading=\"lazy\" decoding=\"async\" width=\"509\" height=\"1024\" src=\"https:\/\/chaletdukite.com.br\/wp-content\/uploads\/2023\/09\/avis-client-chalet-du-kite-prea4-509x1024.png\" class=\"attachment-large size-large wp-image-2092\" alt=\"\" srcset=\"https:\/\/chaletdukite.com.br\/wp-content\/uploads\/2023\/09\/avis-client-chalet-du-kite-prea4-509x1024.png 509w, https:\/\/chaletdukite.com.br\/wp-content\/uploads\/2023\/09\/avis-client-chalet-du-kite-prea4-149x300.png 149w, https:\/\/chaletdukite.com.br\/wp-content\/uploads\/2023\/09\/avis-client-chalet-du-kite-prea4-768x1544.png 768w, https:\/\/chaletdukite.com.br\/wp-content\/uploads\/2023\/09\/avis-client-chalet-du-kite-prea4-764x1536.png 764w, https:\/\/chaletdukite.com.br\/wp-content\/uploads\/2023\/09\/avis-client-chalet-du-kite-prea4-1018x2048.png 1018w, https:\/\/chaletdukite.com.br\/wp-content\/uploads\/2023\/09\/avis-client-chalet-du-kite-prea4.png 1184w\" sizes=\"(max-width: 509px) 100vw, 509px\" \/>\t\t\t\t\t\t\t\t\t\t\t\t\t\t\t<\/div>\n\t\t\t\t<\/div>\n\t\t\t\t<div class=\"elementor-element elementor-element-ff5b3fc elementor-widget elementor-widget-image\" data-id=\"ff5b3fc\" data-element_type=\"widget\" data-widget_type=\"image.default\">\n\t\t\t\t<div class=\"elementor-widget-container\">\n\t\t\t\t\t\t\t\t\t\t\t\t\t\t\t<img loading=\"lazy\" decoding=\"async\" width=\"673\" height=\"1024\" src=\"https:\/\/chaletdukite.com.br\/wp-content\/uploads\/2023\/09\/avis-client-chalet-du-kite-prea5-673x1024.png\" class=\"attachment-large size-large wp-image-2089\" alt=\"\" srcset=\"https:\/\/chaletdukite.com.br\/wp-content\/uploads\/2023\/09\/avis-client-chalet-du-kite-prea5-673x1024.png 673w, https:\/\/chaletdukite.com.br\/wp-content\/uploads\/2023\/09\/avis-client-chalet-du-kite-prea5-197x300.png 197w, https:\/\/chaletdukite.com.br\/wp-content\/uploads\/2023\/09\/avis-client-chalet-du-kite-prea5-768x1168.png 768w, https:\/\/chaletdukite.com.br\/wp-content\/uploads\/2023\/09\/avis-client-chalet-du-kite-prea5-1010x1536.png 1010w, https:\/\/chaletdukite.com.br\/wp-content\/uploads\/2023\/09\/avis-client-chalet-du-kite-prea5.png 1184w\" sizes=\"(max-width: 673px) 100vw, 673px\" \/>\t\t\t\t\t\t\t\t\t\t\t\t\t\t\t<\/div>\n\t\t\t\t<\/div>\n\t\t\t\t<div class=\"elementor-element elementor-element-cbbbd36 elementor-widget elementor-widget-image\" data-id=\"cbbbd36\" data-element_type=\"widget\" data-widget_type=\"image.default\">\n\t\t\t\t<div class=\"elementor-widget-container\">\n\t\t\t\t\t\t\t\t\t\t\t\t\t\t\t<img loading=\"lazy\" decoding=\"async\" width=\"621\" height=\"1024\" src=\"https:\/\/chaletdukite.com.br\/wp-content\/uploads\/2023\/09\/avis-client-chalet-du-kite-prea6-621x1024.png\" class=\"attachment-large size-large wp-image-2086\" alt=\"\" srcset=\"https:\/\/chaletdukite.com.br\/wp-content\/uploads\/2023\/09\/avis-client-chalet-du-kite-prea6-621x1024.png 621w, https:\/\/chaletdukite.com.br\/wp-content\/uploads\/2023\/09\/avis-client-chalet-du-kite-prea6-182x300.png 182w, https:\/\/chaletdukite.com.br\/wp-content\/uploads\/2023\/09\/avis-client-chalet-du-kite-prea6-768x1267.png 768w, https:\/\/chaletdukite.com.br\/wp-content\/uploads\/2023\/09\/avis-client-chalet-du-kite-prea6-931x1536.png 931w, https:\/\/chaletdukite.com.br\/wp-content\/uploads\/2023\/09\/avis-client-chalet-du-kite-prea6.png 1184w\" sizes=\"(max-width: 621px) 100vw, 621px\" \/>\t\t\t\t\t\t\t\t\t\t\t\t\t\t\t<\/div>\n\t\t\t\t<\/div>\n\t\t\t\t<div class=\"elementor-element elementor-element-ce5c93f elementor-align-center elementor-widget elementor-widget-button\" data-id=\"ce5c93f\" data-element_type=\"widget\" data-widget_type=\"button.default\">\n\t\t\t\t<div class=\"elementor-widget-container\">\n\t\t\t\t\t\t\t\t\t<div class=\"elementor-button-wrapper\">\n\t\t\t\t\t<a class=\"elementor-button elementor-button-link elementor-size-sm\" href=\"https:\/\/maps.app.goo.gl\/Rq1DyTK4bzVD7jZm6\" target=\"_blank\" rel=\"nofollow\">\n\t\t\t\t\t\t<span class=\"elementor-button-content-wrapper\">\n\t\t\t\t\t\t\t\t\t<span class=\"elementor-button-text\">Voir sur Google<\/span>\n\t\t\t\t\t<\/span>\n\t\t\t\t\t<\/a>\n\t\t\t\t<\/div>\n\t\t\t\t\t\t\t\t<\/div>\n\t\t\t\t<\/div>\n\t\t\t\t\t<\/div>\n\t\t<\/div>\n\t\t\t\t\t<\/div>\n\t\t<\/section>\n\t\t\t\t<\/div>\n\t\t","protected":false},"excerpt":{"rendered":"<p>D\u00e9couvrez quelques-uns de nos avis de clients La majorit\u00e9 des nos guests sont des personnes qui travaillent en ligne, soit en home office, soit en tant que digital nomade. Ils travaillent g\u00e9n\u00e9ralement le matin depuis leur bureau, apr\u00e8s avoir pris un petit-d\u00e9jeuner pr\u00e9par\u00e9 dans leur cuisine ind\u00e9pendante. L&rsquo;apr\u00e8s-midi, ils r\u00e9cup\u00e8rent leur \u00e9quipement et vont faire [&hellip;]<\/p>\n","protected":false},"author":2,"featured_media":0,"parent":0,"menu_order":0,"comment_status":"closed","ping_status":"closed","template":"","meta":{"_seopress_robots_primary_cat":"","_seopress_titles_title":"Chalet du Kite Guest Reviews : Voir ce que nos clients disent !","_seopress_titles_desc":"D\u00e9couvrez les opinions et les exp\u00e9riences de nos h\u00f4tes au Chalet du Kite. Lisez les commentaires authentiques et d\u00e9couvrez pourquoi tant de personnes choisissent notre chalet pour leur s\u00e9jour sur la plage de Pre\u00e1.","_seopress_robots_index":"","footnotes":""},"class_list":["post-2066","page","type-page","status-publish","hentry"],"_links":{"self":[{"href":"https:\/\/chaletdukite.com.br\/fr\/wp-json\/wp\/v2\/pages\/2066","targetHints":{"allow":["GET"]}}],"collection":[{"href":"https:\/\/chaletdukite.com.br\/fr\/wp-json\/wp\/v2\/pages"}],"about":[{"href":"https:\/\/chaletdukite.com.br\/fr\/wp-json\/wp\/v2\/types\/page"}],"author":[{"embeddable":true,"href":"https:\/\/chaletdukite.com.br\/fr\/wp-json\/wp\/v2\/users\/2"}],"replies":[{"embeddable":true,"href":"https:\/\/chaletdukite.com.br\/fr\/wp-json\/wp\/v2\/comments?post=2066"}],"version-history":[{"count":7,"href":"https:\/\/chaletdukite.com.br\/fr\/wp-json\/wp\/v2\/pages\/2066\/revisions"}],"predecessor-version":[{"id":2274,"href":"https:\/\/chaletdukite.com.br\/fr\/wp-json\/wp\/v2\/pages\/2066\/revisions\/2274"}],"wp:attachment":[{"href":"https:\/\/chaletdukite.com.br\/fr\/wp-json\/wp\/v2\/media?parent=2066"}],"curies":[{"name":"wp","href":"https:\/\/api.w.org\/{rel}","templated":true}]}}